{"id":13,"date":"2023-10-13T10:10:09","date_gmt":"2023-10-13T03:10:09","guid":{"rendered":"https:\/\/logistics-aba.com\/?page_id=13"},"modified":"2023-10-24T13:55:38","modified_gmt":"2023-10-24T06:55:38","slug":"ve-chung-toi","status":"publish","type":"page","link":"https:\/\/logistics-aba.com\/vi\/ve-chung-toi\/","title":{"rendered":"V\u1ec1 ch\u00fang t\u00f4i"},"content":{"rendered":"\t\t<div data-elementor-type=\"wp-page\" data-elementor-id=\"13\" class=\"elementor elementor-13\" data-elementor-post-type=\"page\">\n\t\t\t\t\t\t\t\t\t<section class=\"elementor-section elementor-top-section elementor-element elementor-element-11a13a5 elementor-section-height-min-height elementor-section-boxed elementor-section-height-default elementor-section-items-middle\" data-id=\"11a13a5\" data-element_type=\"section\" data-settings=\"{&quot;background_background&quot;:&quot;classic&quot;}\">\n\t\t\t\t\t\t<div class=\"elementor-container elementor-column-gap-no\">\n\t\t\t\t\t<div class=\"elementor-column elementor-col-100 elementor-top-column elementor-element elementor-element-9f73da7\" data-id=\"9f73da7\" data-element_type=\"column\" data-settings=\"{&quot;background_background&quot;:&quot;classic&quot;}\">\n\t\t\t<div class=\"elementor-widget-wrap elementor-element-populated\">\n\t\t\t\t\t\t\t\t<div class=\"elementor-element elementor-element-7072025 elementor-widget elementor-widget-heading\" data-id=\"7072025\" data-element_type=\"widget\" data-widget_type=\"heading.default\">\n\t\t\t\t<div class=\"elementor-widget-container\">\n\t\t\t<style>\/*! elementor - v3.16.0 - 09-10-2023 *\/\n.elementor-heading-title{padding:0;margin:0;line-height:1}.elementor-widget-heading .elementor-heading-title[class*=elementor-size-]>a{color:inherit;font-size:inherit;line-height:inherit}.elementor-widget-heading .elementor-heading-title.elementor-size-small{font-size:15px}.elementor-widget-heading .elementor-heading-title.elementor-size-medium{font-size:19px}.elementor-widget-heading .elementor-heading-title.elementor-size-large{font-size:29px}.elementor-widget-heading .elementor-heading-title.elementor-size-xl{font-size:39px}.elementor-widget-heading .elementor-heading-title.elementor-size-xxl{font-size:59px}<\/style><h2 class=\"elementor-heading-title elementor-size-default\">V\u1ec0 CH\u00daNG T\u00d4I <\/h2>\t\t<\/div>\n\t\t\t\t<\/div>\n\t\t\t\t<div class=\"elementor-element elementor-element-9f60230 xoa-margin-10  elementor-widget elementor-widget-text-editor\" data-id=\"9f60230\" data-element_type=\"widget\" data-widget_type=\"text-editor.default\">\n\t\t\t\t<div class=\"elementor-widget-container\">\n\t\t\t<style>\/*! elementor - v3.16.0 - 09-10-2023 *\/\n.elementor-widget-text-editor.elementor-drop-cap-view-stacked .elementor-drop-cap{background-color:#69727d;color:#fff}.elementor-widget-text-editor.elementor-drop-cap-view-framed .elementor-drop-cap{color:#69727d;border:3px solid;background-color:transparent}.elementor-widget-text-editor:not(.elementor-drop-cap-view-default) .elementor-drop-cap{margin-top:8px}.elementor-widget-text-editor:not(.elementor-drop-cap-view-default) .elementor-drop-cap-letter{width:1em;height:1em}.elementor-widget-text-editor .elementor-drop-cap{float:left;text-align:center;line-height:1;font-size:50px}.elementor-widget-text-editor .elementor-drop-cap-letter{display:inline-block}<\/style>\t\t\t\t<p>L\u00e0 m\u1ed9t doanh nghi\u1ec7p tr\u1ebb, \u0111\u01b0\u1ee3c th\u00e0nh l\u1eadp v\u00e0o 2022, chuy\u00ean m\u00f4n v\u00e0 l\u1ee3i th\u1ebf c\u1ea1nh tranh c\u1ee7a A.B.A \u0111\u1ebfn t\u1eeb c\u00e1c chuy\u00ean gia v\u1edbi h\u01a1n 1 th\u1eadp k\u1ec9 kinh nghi\u1ec7m chinh chi\u1ebfn trong l\u0129nh v\u1ef1c Xu\u1ea5t Nh\u1eadp Kh\u1ea9u. Ch\u00fang t\u00f4i \u0111\u1ecbnh v\u1ecb nh\u1eefng l\u1ed7 h\u1ecfng v\u00e0 kho\u1ea3ng tr\u1ed1ng trong th\u1ecb tr\u01b0\u1eddng v\u00e0 th\u00e0nh l\u1eadp A.B.A v\u1edbi m\u1ee5c ti\u00eau cu\u1ed1i c\u00f9ng ch\u00ednh l\u00e0 c\u1ea3i thi\u1ec7n v\u00e0 t\u1ea1o l\u1ee3i th\u1ebf kinh doanh th\u00f4ng qua vi\u1ec7c \u0111em \u0111\u1ebfn c\u00e1c gi\u00e1 tr\u1ecb c\u1ed9ng th\u00eam cho chu\u1ed7i cung \u1ee9ng c\u1ee7a Qu\u00fd Kh\u00e1ch.<\/p><p>N\u1ed7 l\u1ef1c mang \u0111\u1ebfn d\u1ecbch v\u1ee5 tr\u1ecdn v\u1eb9n nh\u1ea5t cho Kh\u00e1ch H\u00e0ng \u0111\u00e3 t\u1ea1o n\u00ean danh ti\u1ebfng tr\u00ean th\u1ecb tr\u01b0\u1eddng cho A.B.A Logistics \u0111\u1ed1i v\u1edbi c\u00e1c doanh nghi\u1ec7p \u0111ang t\u00ecm ki\u1ebfm \u0111\u1ed1i t\u00e1c \u0111\u1ec3 t\u1ed1i \u01b0u h\u00f3a chu\u1ed7i cung \u1ee9ng c\u1ee7a h\u1ecd.<\/p><p>T\u1ea1i A.B.A Logistics, ch\u00fang t\u00f4i t\u00e1ch bi\u1ec7t kh\u1ecfi c\u00e1c \u0111\u1ed1i th\u1ee7 b\u1eb1ng c\u00e1ch b\u00e1m ch\u1eb7t v\u00e0o kh\u1ea9u hi\u1ec7u \u201cV\u1eadn chuy\u1ec3n Hi\u1ec7u qu\u1ea3 &#8211; Efficiency in Motion\u201d.<\/p><p>Ch\u00fang t\u00f4i hi\u1ec3u r\u00f5 gi\u00e1 tr\u1ecb c\u1ee7a vi\u1ec7c giao ti\u1ebfp k\u1ecbp th\u1eddi v\u00e0 ch\u00ednh x\u00e1c, c\u01b0\u1edbc ph\u00ed c\u1ea1nh tranh v\u00e0 l\u1ed9 tr\u00ecnh \u0111\u01b0\u1ee3c thi\u1ebft k\u1ebf ri\u00eang \u0111\u1ec3 \u0111\u00e1p \u1ee9ng t\u1eebng y\u00eau c\u1ea7u c\u1ee7a kh\u00e1ch h\u00e0ng, t\u1eeb \u0111\u00f3 t\u1ed1i \u0111a h\u00f3a s\u1ef1 \u201chi\u1ec7u qu\u1ea3\u201d m\u00e0 ch\u00fang t\u00f4i cung c\u1ea5p.<\/p><p><span style=\"color: #1386d7;\">T\u1ea6M NH\u00ccN C\u1ee6A CH\u00daNG T\u00d4I<\/span><\/p><ul><li>Ch\u00fang t\u00f4i cam k\u1ebft s\u1ef1 t\u1eadn t\u00e2m \u0111\u1ed1i v\u1edbi kh\u00e1ch h\u00e0ng v\u00e0 \u0111\u1ed1i t\u00e1c c\u1ee7a m\u00ecnh tr\u00ean m\u1ed9t h\u00e0nh tr\u00ecnh chung v\u1edbi m\u1ee5c ti\u00eau ph\u00e1t tri\u1ec3n v\u00e0 th\u00e0nh c\u00f4ng.<\/li><li>Ch\u00fang t\u00f4i c\u00f3 kh\u1ea3 n\u0103ng th\u00edch nghi, linh ho\u1ea1t v\u00e0 ch\u1ee7 \u0111\u1ed9ng c\u1ea3i ti\u1ebfn.<\/li><li>Ch\u00fang t\u00f4i tu\u00e2n theo c\u00e1c nguy\u00ean t\u1eafc v\u1ec1 \u0111\u1ed9 tin c\u1eady, t\u00ednh kh\u1ea3 d\u1ee5ng, t\u00ednh c\u1ea1nh tranh v\u00e0 s\u1ef1 trung th\u1ef1c.<\/li><li>Ch\u00fang t\u00f4i cam k\u1ebft lu\u00f4n c\u1eadp nh\u1eadt c\u00f4ng ngh\u1ec7 m\u1edbi nh\u1ea5t \u0111\u1ec3 \u0111\u00e1p \u1ee9ng nhu c\u1ea7u ng\u00e0y c\u00e0ng bi\u1ebfn \u0111\u1ed5i c\u1ee7a th\u1ecb tr\u01b0\u1eddng to\u00e0n c\u1ea7u.<\/li><li>Ch\u00fang t\u00f4i hi\u1ec7u qu\u1ea3.<\/li><\/ul>\t\t\t\t\t\t<\/div>\n\t\t\t\t<\/div>\n\t\t\t\t<div class=\"elementor-element elementor-element-51ed007 elementor-widget elementor-widget-button\" data-id=\"51ed007\" data-element_type=\"widget\" data-widget_type=\"button.default\">\n\t\t\t\t<div class=\"elementor-widget-container\">\n\t\t\t\t\t<div class=\"elementor-button-wrapper\">\n\t\t\t<a class=\"elementor-button elementor-button-link elementor-size-sm\" href=\"#\">\n\t\t\t\t\t\t<span class=\"elementor-button-content-wrapper\">\n\t\t\t\t\t\t<span class=\"elementor-button-text\">T\u00ecm Hi\u1ec3u Th\u00eam<\/span>\n\t\t<\/span>\n\t\t\t\t\t<\/a>\n\t\t<\/div>\n\t\t\t\t<\/div>\n\t\t\t\t<\/div>\n\t\t\t\t\t<\/div>\n\t\t<\/div>\n\t\t\t\t\t\t\t<\/div>\n\t\t<\/section>\n\t\t\t\t\t\t\t<\/div>\n\t\t","protected":false},"excerpt":{"rendered":"<p>V\u1ec0 CH\u00daNG T\u00d4I L\u00e0 m\u1ed9t doanh nghi\u1ec7p tr\u1ebb, \u0111\u01b0\u1ee3c th\u00e0nh l\u1eadp v\u00e0o 2022, chuy\u00ean m\u00f4n v\u00e0 l\u1ee3i th\u1ebf c\u1ea1nh tranh c\u1ee7a A.B.A \u0111\u1ebfn t\u1eeb c\u00e1c chuy\u00ean gia v\u1edbi h\u01a1n 1 th\u1eadp k\u1ec9 kinh nghi\u1ec7m chinh chi\u1ebfn trong l\u0129nh v\u1ef1c Xu\u1ea5t Nh\u1eadp Kh\u1ea9u. Ch\u00fang t\u00f4i \u0111\u1ecbnh v\u1ecb nh\u1eefng l\u1ed7 h\u1ecfng v\u00e0 kho\u1ea3ng tr\u1ed1ng trong th\u1ecb tr\u01b0\u1eddng &hellip;<\/p>\n<p class=\"read-more\"> <a class=\"\" href=\"https:\/\/logistics-aba.com\/vi\/ve-chung-toi\/\"> <span class=\"screen-reader-text\">V\u1ec1 ch\u00fang t\u00f4i<\/span> Read More &raquo;<\/a><\/p>\n","protected":false},"author":2,"featured_media":0,"parent":0,"menu_order":0,"comment_status":"closed","ping_status":"closed","template":"elementor_header_footer","meta":{"site-sidebar-layout":"no-sidebar","site-content-layout":"","ast-site-content-layout":"full-width-container","site-content-style":"default","site-sidebar-style":"default","ast-global-header-display":"","ast-banner-title-visibility":"","ast-main-header-display":"","ast-hfb-above-header-display":"","ast-hfb-below-header-display":"","ast-hfb-mobile-header-display":"","site-post-title":"disabled","ast-breadcrumbs-content":"","ast-featured-img":"disabled","footer-sml-layout":"","theme-transparent-header-meta":"default","adv-header-id-meta":"","stick-header-meta":"","header-above-stick-meta":"","header-main-stick-meta":"","header-below-stick-meta":"","astra-migrate-meta-layouts":"set","footnotes":""},"class_list":["post-13","page","type-page","status-publish","hentry"],"_links":{"self":[{"href":"https:\/\/logistics-aba.com\/vi\/wp-json\/wp\/v2\/pages\/13","targetHints":{"allow":["GET"]}}],"collection":[{"href":"https:\/\/logistics-aba.com\/vi\/wp-json\/wp\/v2\/pages"}],"about":[{"href":"https:\/\/logistics-aba.com\/vi\/wp-json\/wp\/v2\/types\/page"}],"author":[{"embeddable":true,"href":"https:\/\/logistics-aba.com\/vi\/wp-json\/wp\/v2\/users\/2"}],"replies":[{"embeddable":true,"href":"https:\/\/logistics-aba.com\/vi\/wp-json\/wp\/v2\/comments?post=13"}],"version-history":[{"count":85,"href":"https:\/\/logistics-aba.com\/vi\/wp-json\/wp\/v2\/pages\/13\/revisions"}],"predecessor-version":[{"id":1184,"href":"https:\/\/logistics-aba.com\/vi\/wp-json\/wp\/v2\/pages\/13\/revisions\/1184"}],"wp:attachment":[{"href":"https:\/\/logistics-aba.com\/vi\/wp-json\/wp\/v2\/media?parent=13"}],"curies":[{"name":"wp","href":"https:\/\/api.w.org\/{rel}","templated":true}]}}